{"id":57078,"date":"2026-03-24T11:57:23","date_gmt":"2026-03-24T10:57:23","guid":{"rendered":"https:\/\/librairie7l.com\/?post_type=product&#038;p=57078"},"modified":"2026-05-13T12:02:04","modified_gmt":"2026-05-13T10:02:04","slug":"contes-2","status":"publish","type":"product","link":"https:\/\/librairie7l.com\/en\/produit\/contes-2\/","title":{"rendered":"CONTES"},"content":{"rendered":"<p>Les \u00e9crits de Marie Laure de Noailles, comme sa peinture, sont souvent merveilleux et symboliques. Ce nouvel ouvrage rassemble quatre contes et nouvelles parus entre 1937 et 1945. C\u2019est dans la collection \u00ab La Renaissance de la nouvelle \u00bb chez Gallimard que <em>Dix ans sur terre<\/em>, le tout premier livre sign\u00e9 Marie Laure, est publi\u00e9 en 1937. On y trouve d\u2019embl\u00e9e son style singulier et surr\u00e9aliste, caract\u00e9ristique du reste de son \u0153uvre litt\u00e9raire r\u00e9unissant romans, nouvelles, essais et po\u00e9sies que la Collection Marie Laure de Noailles s\u2019emploie \u00e0 faire red\u00e9couvrir. Ses \u0153uvres sont toutes construites autour de figures mythiques qu&#8217;elle revisite \u00e0 travers des r\u00e9cits oniriques inspir\u00e9s de sa vie et de ses amiti\u00e9s.<\/p>\n<p>R\u00e9cit fantastique et roman d\u2019aventure, <strong><em>Dix ans sur terre<\/em><\/strong> s\u2019inspire de la figure de Serge Lifar qu\u2019elle imagine comme un ange-po\u00e8te. Une incarnation fantasm\u00e9e, \u00e9chapp\u00e9e de la c\u00e9l\u00e8bre <em>Sybille d\u2019\u00c9rythr\u00e9e<\/em> peinte par Michel-Ange \u00e0 la chapelle Sixtine. Invisible aux \u00e2mes insensibles, Micha\u00ebl se trouve contraint \u00e0 l\u2019errance dans un monde auquel il n\u2019appartient pas. Apr\u00e8s avoir travers\u00e9 l\u2019Europe, d\u00e9couvert la solitude, l\u2019amour et la cruaut\u00e9 des hommes, et tromp\u00e9 la mort plusieurs fois puis l\u2019avoir donn\u00e9e, il regagne enfin sa place sur la fresque, qu\u2019il n\u2019aurait jamais d\u00fb quitter.<\/p>\n<p>R\u00e9\u00e9criture po\u00e9tique et tr\u00e8s libre du mythe biblique, <em><strong>La Tour de Babel<\/strong><\/em>, publi\u00e9 en 1942 par Pierre Seghers, fait le r\u00e9cit de la construction titanesque de la Tour, des doutes et des superstitions, des rivalit\u00e9s et de l\u2019orgueil de ses b\u00e2tisseurs. Dans une \u00e9criture sensuelle et imag\u00e9e, au lyrisme foisonnant, la narration alterne entre plusieurs voix, humaines et c\u00e9lestes. Son ami de longue date, Fran\u00e7ois Mauriac, a \u00e9crit \u00e0 son sujet : \u00ab Ch\u00e8re amie, on pense d\u2019abord \u00e0 un l\u00e2cher d\u2019anges de Cocteau dans quelque Salammb\u00f4 et puis de ce cocktail na\u00eet une \u0153uvre qui ne ressemble \u00e0 rien \u2013 terriblement min\u00e9rale, m\u00e9tallique ? (\u2026) Ces r\u00e9serves ne m\u2019emp\u00eachent pas de sentir vivement ce que vaut cette \u0153uvre \u00e9trange, moins que ne l\u2019est son auteur : c\u2019est si curieux de vous imaginer r\u00eavant \u00e0 votre Babel, au dragon, \u00e0 l\u2019ange entre la place des \u00c9tats-Unis et le Berkeley. Que les \u00eatres sont de dr\u00f4les de labyrinthes ! De vos r\u00eaves, ma ch\u00e8re amie, ma respectueuse et affectueuse admiration. \u00bb<\/p>\n<p>Publi\u00e9 en 1945, <em><strong>Les \u00celes invisibles<\/strong><\/em> conte le voyage en mer d\u2019un jeune po\u00e8te pr\u00e9nomm\u00e9 Modeste, d\u00e9rivant d\u2019\u00eele en \u00eele apr\u00e8s avoir surv\u00e9cu au naufrage de son bateau, d\u00e9couvrant autant de mondes inspir\u00e9s des grands mythes. Du <em>D\u00e9luge de No\u00e9<\/em> \u00e0 <em>Don Juan<\/em>, de <em>Tristan et Yseult<\/em> \u00e0 <em>Faust<\/em>, Marie Laure de Noailles revisite ces r\u00e9cits, en f\u00e9minise les principaux personnages et propose une m\u00e9ditation sur l\u2019exil, la solitude et la perte. Cette nouvelle fait \u00e9cho \u00e0 son amour des \u00eeles et raconte les visites et rencontres venues de la mer, les bals qui s\u2019y organisent, les myst\u00e8res et l\u00e9gendes qui s\u2019y forment.<\/p>\n<p>La m\u00eame ann\u00e9e para\u00eet <em><strong>La Mandragore<\/strong><\/em>, un conte familial qui se d\u00e9roule dans le Paris des ann\u00e9es 1940. Une jeune femme myst\u00e9rieuse, Juliette-Coralie, dont la naissance semble \u00e9troitement li\u00e9e \u00e0 la l\u00e9gende de la mandragore, une plante n\u00e9e d\u2019un cri, envo\u00fbtante et inqui\u00e9tante, fascine Barnab\u00e9 autant qu\u2019elle l\u2019effraye. Au fil du r\u00e9cit, \u00e0 mesure qu\u2019il s\u2019en approche, un tableau de plus en plus noir se dessine, la tension monte, les trag\u00e9dies se succ\u00e8dent.<\/p>\n<p>Apr\u00e8s les acad\u00e9miciennes Dominique Bona pour <em>La Chambre des \u00e9cureuils<\/em> et Chantal Thomas pour <em>Po\u00e9sies<\/em>, ce nouveau volume a \u00e9t\u00e9 pr\u00e9fac\u00e9 par Arielle Dombasle. Actrice, chanteuse, r\u00e9alisatrice et figure singuli\u00e8re du paysage artistique fran\u00e7ais, elle incarne une certaine id\u00e9e du romanesque et de la transgression. Elle a donn\u00e9 vie \u00e0 la figure libre et inspirante de Marie Laure de Noailles dans son film Opium (2013). \u00ab Je suis fi\u00e8re \u00e0 pr\u00e9sent de pr\u00e9facer l\u2019un des volumes de ses \u0153uvres compl\u00e8tes et de retrouver dans ses contes la sensibilit\u00e9 farouche de sa po\u00e9sie \u2013 po\u00e9sie surr\u00e9elle, associ\u00e9e au soutien qu\u2019elle apporta aux surr\u00e9alistes ; po\u00e9sie que j\u2019admire dans toutes ses dimensions.\u00a0\u00bb<\/p>\n<p>&#8211; Arielle Dombasle<\/p>\n","protected":false},"excerpt":{"rendered":"<p>Les \u00e9crits de Marie Laure de Noailles, comme sa peinture, sont souvent merveilleux et symboliques. Ce nouvel ouvrage rassemble quatre contes et nouvelles parus entre 1937 et 1945. C\u2019est dans la collection \u00ab La Renaissance de la nouvelle \u00bb chez Gallimard que Dix ans sur terre, le tout premier livre sign\u00e9 Marie Laure, est publi\u00e9 [&hellip;]<\/p>\n","protected":false},"featured_media":55955,"template":"","meta":[],"product_cat":[9094,2948,2959,2961],"product_tag":[],"acf":[],"yoast_head":"<!-- This site is optimized with the Yoast SEO plugin v20.11 - https:\/\/yoast.com\/wordpress\/plugins\/seo\/ -->\n<title>Contes - Librairie 7L<\/title>\n<meta name=\"robots\" content=\"index, follow, max-snippet:-1, max-image-preview:large, max-video-preview:-1\" \/>\n<link rel=\"canonical\" href=\"https:\/\/librairie7l.com\/en\/produit\/contes-2\/\" \/>\n<meta property=\"og:locale\" content=\"en_US\" \/>\n<meta property=\"og:type\" content=\"article\" \/>\n<meta property=\"og:title\" content=\"Contes - Librairie 7L\" \/>\n<meta property=\"og:description\" content=\"Les \u00e9crits de Marie Laure de Noailles, comme sa peinture, sont souvent merveilleux et symboliques. Ce nouvel ouvrage rassemble quatre contes et nouvelles parus entre 1937 et 1945. C\u2019est dans la collection \u00ab La Renaissance de la nouvelle \u00bb chez Gallimard que Dix ans sur terre, le tout premier livre sign\u00e9 Marie Laure, est publi\u00e9 [&hellip;]\" \/>\n<meta property=\"og:url\" content=\"https:\/\/librairie7l.com\/en\/produit\/contes-2\/\" \/>\n<meta property=\"og:site_name\" content=\"Librairie 7L\" \/>\n<meta property=\"article:modified_time\" content=\"2026-05-13T10:02:04+00:00\" \/>\n<meta property=\"og:image\" content=\"https:\/\/librairie7l.com\/wp-content\/uploads\/2026\/03\/CONTES_NOAILLES_260129_Plat1_Yonix-807x1080.jpg\" \/>\n\t<meta property=\"og:image:width\" content=\"807\" \/>\n\t<meta property=\"og:image:height\" content=\"1080\" \/>\n\t<meta property=\"og:image:type\" content=\"image\/jpeg\" \/>\n<meta name=\"twitter:card\" content=\"summary_large_image\" \/>\n<meta name=\"twitter:label1\" content=\"Est. reading time\" \/>\n\t<meta name=\"twitter:data1\" content=\"4 minutes\" \/>\n<script type=\"application\/ld+json\" class=\"yoast-schema-graph\">{\"@context\":\"https:\/\/schema.org\",\"@graph\":[{\"@type\":\"WebPage\",\"@id\":\"https:\/\/librairie7l.com\/en\/produit\/contes-2\/\",\"url\":\"https:\/\/librairie7l.com\/en\/produit\/contes-2\/\",\"name\":\"Contes - Librairie 7L\",\"isPartOf\":{\"@id\":\"https:\/\/librairie7l.com\/en\/#website\"},\"datePublished\":\"2026-03-24T10:57:23+00:00\",\"dateModified\":\"2026-05-13T10:02:04+00:00\",\"breadcrumb\":{\"@id\":\"https:\/\/librairie7l.com\/en\/produit\/contes-2\/#breadcrumb\"},\"inLanguage\":\"en-US\",\"potentialAction\":[{\"@type\":\"ReadAction\",\"target\":[\"https:\/\/librairie7l.com\/en\/produit\/contes-2\/\"]}]},{\"@type\":\"BreadcrumbList\",\"@id\":\"https:\/\/librairie7l.com\/en\/produit\/contes-2\/#breadcrumb\",\"itemListElement\":[{\"@type\":\"ListItem\",\"position\":1,\"name\":\"Accueil\",\"item\":\"https:\/\/librairie7l.com\/en\/\"},{\"@type\":\"ListItem\",\"position\":2,\"name\":\"Shop\",\"item\":\"https:\/\/librairie7l.com\/en\/shop\/\"},{\"@type\":\"ListItem\",\"position\":3,\"name\":\"CONTES\"}]},{\"@type\":\"WebSite\",\"@id\":\"https:\/\/librairie7l.com\/en\/#website\",\"url\":\"https:\/\/librairie7l.com\/en\/\",\"name\":\"Librairie 7L\",\"description\":\"Librairie fond\u00e9e en 1999 par Karl Lagerfeld \u00e0 Paris\",\"publisher\":{\"@id\":\"https:\/\/librairie7l.com\/en\/#organization\"},\"potentialAction\":[{\"@type\":\"SearchAction\",\"target\":{\"@type\":\"EntryPoint\",\"urlTemplate\":\"https:\/\/librairie7l.com\/en\/?s={search_term_string}\"},\"query-input\":\"required name=search_term_string\"}],\"inLanguage\":\"en-US\"},{\"@type\":\"Organization\",\"@id\":\"https:\/\/librairie7l.com\/en\/#organization\",\"name\":\"Librairie 7L\",\"url\":\"https:\/\/librairie7l.com\/en\/\",\"logo\":{\"@type\":\"ImageObject\",\"inLanguage\":\"en-US\",\"@id\":\"https:\/\/librairie7l.com\/en\/#\/schema\/logo\/image\/\",\"url\":\"https:\/\/librairie7l.com\/wp-content\/uploads\/2022\/08\/logo-1.png\",\"contentUrl\":\"https:\/\/librairie7l.com\/wp-content\/uploads\/2022\/08\/logo-1.png\",\"width\":227,\"height\":301,\"caption\":\"Librairie 7L\"},\"image\":{\"@id\":\"https:\/\/librairie7l.com\/en\/#\/schema\/logo\/image\/\"}}]}<\/script>\n<!-- \/ Yoast SEO plugin. -->","yoast_head_json":{"title":"Contes - Librairie 7L","robots":{"index":"index","follow":"follow","max-snippet":"max-snippet:-1","max-image-preview":"max-image-preview:large","max-video-preview":"max-video-preview:-1"},"canonical":"https:\/\/librairie7l.com\/en\/produit\/contes-2\/","og_locale":"en_US","og_type":"article","og_title":"Contes - Librairie 7L","og_description":"Les \u00e9crits de Marie Laure de Noailles, comme sa peinture, sont souvent merveilleux et symboliques. Ce nouvel ouvrage rassemble quatre contes et nouvelles parus entre 1937 et 1945. C\u2019est dans la collection \u00ab La Renaissance de la nouvelle \u00bb chez Gallimard que Dix ans sur terre, le tout premier livre sign\u00e9 Marie Laure, est publi\u00e9 [&hellip;]","og_url":"https:\/\/librairie7l.com\/en\/produit\/contes-2\/","og_site_name":"Librairie 7L","article_modified_time":"2026-05-13T10:02:04+00:00","og_image":[{"width":807,"height":1080,"url":"https:\/\/librairie7l.com\/wp-content\/uploads\/2026\/03\/CONTES_NOAILLES_260129_Plat1_Yonix-807x1080.jpg","type":"image\/jpeg"}],"twitter_card":"summary_large_image","twitter_misc":{"Est. reading time":"4 minutes"},"schema":{"@context":"https:\/\/schema.org","@graph":[{"@type":"WebPage","@id":"https:\/\/librairie7l.com\/en\/produit\/contes-2\/","url":"https:\/\/librairie7l.com\/en\/produit\/contes-2\/","name":"Contes - Librairie 7L","isPartOf":{"@id":"https:\/\/librairie7l.com\/en\/#website"},"datePublished":"2026-03-24T10:57:23+00:00","dateModified":"2026-05-13T10:02:04+00:00","breadcrumb":{"@id":"https:\/\/librairie7l.com\/en\/produit\/contes-2\/#breadcrumb"},"inLanguage":"en-US","potentialAction":[{"@type":"ReadAction","target":["https:\/\/librairie7l.com\/en\/produit\/contes-2\/"]}]},{"@type":"BreadcrumbList","@id":"https:\/\/librairie7l.com\/en\/produit\/contes-2\/#breadcrumb","itemListElement":[{"@type":"ListItem","position":1,"name":"Accueil","item":"https:\/\/librairie7l.com\/en\/"},{"@type":"ListItem","position":2,"name":"Shop","item":"https:\/\/librairie7l.com\/en\/shop\/"},{"@type":"ListItem","position":3,"name":"CONTES"}]},{"@type":"WebSite","@id":"https:\/\/librairie7l.com\/en\/#website","url":"https:\/\/librairie7l.com\/en\/","name":"Librairie 7L","description":"Librairie fond\u00e9e en 1999 par Karl Lagerfeld \u00e0 Paris","publisher":{"@id":"https:\/\/librairie7l.com\/en\/#organization"},"potentialAction":[{"@type":"SearchAction","target":{"@type":"EntryPoint","urlTemplate":"https:\/\/librairie7l.com\/en\/?s={search_term_string}"},"query-input":"required name=search_term_string"}],"inLanguage":"en-US"},{"@type":"Organization","@id":"https:\/\/librairie7l.com\/en\/#organization","name":"Librairie 7L","url":"https:\/\/librairie7l.com\/en\/","logo":{"@type":"ImageObject","inLanguage":"en-US","@id":"https:\/\/librairie7l.com\/en\/#\/schema\/logo\/image\/","url":"https:\/\/librairie7l.com\/wp-content\/uploads\/2022\/08\/logo-1.png","contentUrl":"https:\/\/librairie7l.com\/wp-content\/uploads\/2022\/08\/logo-1.png","width":227,"height":301,"caption":"Librairie 7L"},"image":{"@id":"https:\/\/librairie7l.com\/en\/#\/schema\/logo\/image\/"}}]}},"_links":{"self":[{"href":"https:\/\/librairie7l.com\/en\/wp-json\/wp\/v2\/product\/57078"}],"collection":[{"href":"https:\/\/librairie7l.com\/en\/wp-json\/wp\/v2\/product"}],"about":[{"href":"https:\/\/librairie7l.com\/en\/wp-json\/wp\/v2\/types\/product"}],"wp:featuredmedia":[{"embeddable":true,"href":"https:\/\/librairie7l.com\/en\/wp-json\/wp\/v2\/media\/55955"}],"wp:attachment":[{"href":"https:\/\/librairie7l.com\/en\/wp-json\/wp\/v2\/media?parent=57078"}],"wp:term":[{"taxonomy":"product_cat","embeddable":true,"href":"https:\/\/librairie7l.com\/en\/wp-json\/wp\/v2\/product_cat?post=57078"},{"taxonomy":"product_tag","embeddable":true,"href":"https:\/\/librairie7l.com\/en\/wp-json\/wp\/v2\/product_tag?post=57078"}],"curies":[{"name":"wp","href":"https:\/\/api.w.org\/{rel}","templated":true}]}}