{"id":57130,"date":"2026-05-14T09:17:29","date_gmt":"2026-05-14T07:17:29","guid":{"rendered":"https:\/\/librairie7l.com\/?post_type=product&#038;p=57130"},"modified":"2026-05-14T11:15:29","modified_gmt":"2026-05-14T09:15:29","slug":"dali-en-400-images-2","status":"publish","type":"product","link":"https:\/\/librairie7l.com\/en\/produit\/dali-en-400-images-2\/","title":{"rendered":"DALI EN 400 IMAGES"},"content":{"rendered":"<p>Dal\u00ed en 400 images propose un parcours complet de l&#8217;oeuvre d&#8217;un des peintres surr\u00e9alistes les plus significatifs du\u00a0 xxe\u00a0 si\u00e8cle. Ce livre propose une s\u00e9lection d&#8217;oeuvres qui met en lumi\u00e8re non seulement les cr\u00e9ations embl\u00e9matiques de Salvador Dal\u00ed, mais \u00e9galement des pi\u00e8ces moins connues, telles que des dessins et des objets surr\u00e9alistes.\u00a0<br \/>\nCouvrant l&#8217;ensemble de sa carri\u00e8re, cet ouvrage illustre la richesse cr\u00e9ative de Dal\u00ed, depuis ses d\u00e9buts inspir\u00e9s par le post-impressionnisme et son engagement dans le mouvement cubiste des ann\u00e9es 1920, jusqu&#8217;aux oeuvres surr\u00e9alistes embl\u00e9matiques des ann\u00e9es 1930. Il retrace \u00e9galement sa p\u00e9riode am\u00e9ricaine dans les ann\u00e9es 1940, son retour au classicisme dans les ann\u00e9es 1950, ainsi que son engagement renouvel\u00e9 dans l&#8217;exp\u00e9rimentation d&#8217;avant-garde \u00e0 partir des ann\u00e9es 1960.\u00a0<br \/>\nL&#8217;auteur, William Jeffett, est conservateur\u00a0 au Mus\u00e9e Dali\u00a0 \u00e0\u00a0 St Petersburg en Floride<br \/>\n\u00a0<\/p>\n","protected":false},"excerpt":{"rendered":"<p>Dal\u00ed en 400 images propose un parcours complet de l&#8217;oeuvre d&#8217;un des peintres surr\u00e9alistes les plus significatifs du\u00a0 xxe\u00a0 si\u00e8cle. Ce livre propose une s\u00e9lection d&#8217;oeuvres qui met en lumi\u00e8re non seulement les cr\u00e9ations embl\u00e9matiques de Salvador Dal\u00ed, mais \u00e9galement des pi\u00e8ces moins connues, telles que des dessins et des objets surr\u00e9alistes.\u00a0 Couvrant l&#8217;ensemble de [&hellip;]<\/p>\n","protected":false},"featured_media":57128,"template":"","meta":[],"product_cat":[2948],"product_tag":[],"acf":[],"yoast_head":"<!-- This site is optimized with the Yoast SEO plugin v20.11 - https:\/\/yoast.com\/wordpress\/plugins\/seo\/ -->\n<title>Dali en 400 images - Librairie 7L<\/title>\n<meta name=\"robots\" content=\"index, follow, max-snippet:-1, max-image-preview:large, max-video-preview:-1\" \/>\n<link rel=\"canonical\" href=\"https:\/\/librairie7l.com\/en\/produit\/dali-en-400-images-2\/\" \/>\n<meta property=\"og:locale\" content=\"en_US\" \/>\n<meta property=\"og:type\" content=\"article\" \/>\n<meta property=\"og:title\" content=\"Dali en 400 images - Librairie 7L\" \/>\n<meta property=\"og:description\" content=\"Dal\u00ed en 400 images propose un parcours complet de l&#8217;oeuvre d&#8217;un des peintres surr\u00e9alistes les plus significatifs du\u00a0 xxe\u00a0 si\u00e8cle. Ce livre propose une s\u00e9lection d&#8217;oeuvres qui met en lumi\u00e8re non seulement les cr\u00e9ations embl\u00e9matiques de Salvador Dal\u00ed, mais \u00e9galement des pi\u00e8ces moins connues, telles que des dessins et des objets surr\u00e9alistes.\u00a0 Couvrant l&#8217;ensemble de [&hellip;]\" \/>\n<meta property=\"og:url\" content=\"https:\/\/librairie7l.com\/en\/produit\/dali-en-400-images-2\/\" \/>\n<meta property=\"og:site_name\" content=\"Librairie 7L\" \/>\n<meta property=\"article:modified_time\" content=\"2026-05-14T09:15:29+00:00\" \/>\n<meta property=\"og:image\" content=\"https:\/\/librairie7l.com\/wp-content\/uploads\/2025\/03\/9782754117869_1_75.jpg\" \/>\n\t<meta property=\"og:image:width\" content=\"600\" \/>\n\t<meta property=\"og:image:height\" content=\"752\" \/>\n\t<meta property=\"og:image:type\" content=\"image\/jpeg\" \/>\n<meta name=\"twitter:card\" content=\"summary_large_image\" \/>\n<meta name=\"twitter:label1\" content=\"Est. reading time\" \/>\n\t<meta name=\"twitter:data1\" content=\"1 minute\" \/>\n<script type=\"application\/ld+json\" class=\"yoast-schema-graph\">{\"@context\":\"https:\/\/schema.org\",\"@graph\":[{\"@type\":\"WebPage\",\"@id\":\"https:\/\/librairie7l.com\/en\/produit\/dali-en-400-images-2\/\",\"url\":\"https:\/\/librairie7l.com\/en\/produit\/dali-en-400-images-2\/\",\"name\":\"Dali en 400 images - Librairie 7L\",\"isPartOf\":{\"@id\":\"https:\/\/librairie7l.com\/en\/#website\"},\"datePublished\":\"2026-05-14T07:17:29+00:00\",\"dateModified\":\"2026-05-14T09:15:29+00:00\",\"breadcrumb\":{\"@id\":\"https:\/\/librairie7l.com\/en\/produit\/dali-en-400-images-2\/#breadcrumb\"},\"inLanguage\":\"en-US\",\"potentialAction\":[{\"@type\":\"ReadAction\",\"target\":[\"https:\/\/librairie7l.com\/en\/produit\/dali-en-400-images-2\/\"]}]},{\"@type\":\"BreadcrumbList\",\"@id\":\"https:\/\/librairie7l.com\/en\/produit\/dali-en-400-images-2\/#breadcrumb\",\"itemListElement\":[{\"@type\":\"ListItem\",\"position\":1,\"name\":\"Accueil\",\"item\":\"https:\/\/librairie7l.com\/en\/\"},{\"@type\":\"ListItem\",\"position\":2,\"name\":\"Shop\",\"item\":\"https:\/\/librairie7l.com\/en\/shop\/\"},{\"@type\":\"ListItem\",\"position\":3,\"name\":\"DALI EN 400 IMAGES\"}]},{\"@type\":\"WebSite\",\"@id\":\"https:\/\/librairie7l.com\/en\/#website\",\"url\":\"https:\/\/librairie7l.com\/en\/\",\"name\":\"Librairie 7L\",\"description\":\"Librairie fond\u00e9e en 1999 par Karl Lagerfeld \u00e0 Paris\",\"publisher\":{\"@id\":\"https:\/\/librairie7l.com\/en\/#organization\"},\"potentialAction\":[{\"@type\":\"SearchAction\",\"target\":{\"@type\":\"EntryPoint\",\"urlTemplate\":\"https:\/\/librairie7l.com\/en\/?s={search_term_string}\"},\"query-input\":\"required name=search_term_string\"}],\"inLanguage\":\"en-US\"},{\"@type\":\"Organization\",\"@id\":\"https:\/\/librairie7l.com\/en\/#organization\",\"name\":\"Librairie 7L\",\"url\":\"https:\/\/librairie7l.com\/en\/\",\"logo\":{\"@type\":\"ImageObject\",\"inLanguage\":\"en-US\",\"@id\":\"https:\/\/librairie7l.com\/en\/#\/schema\/logo\/image\/\",\"url\":\"https:\/\/librairie7l.com\/wp-content\/uploads\/2022\/08\/logo-1.png\",\"contentUrl\":\"https:\/\/librairie7l.com\/wp-content\/uploads\/2022\/08\/logo-1.png\",\"width\":227,\"height\":301,\"caption\":\"Librairie 7L\"},\"image\":{\"@id\":\"https:\/\/librairie7l.com\/en\/#\/schema\/logo\/image\/\"}}]}<\/script>\n<!-- \/ Yoast SEO plugin. -->","yoast_head_json":{"title":"Dali en 400 images - Librairie 7L","robots":{"index":"index","follow":"follow","max-snippet":"max-snippet:-1","max-image-preview":"max-image-preview:large","max-video-preview":"max-video-preview:-1"},"canonical":"https:\/\/librairie7l.com\/en\/produit\/dali-en-400-images-2\/","og_locale":"en_US","og_type":"article","og_title":"Dali en 400 images - Librairie 7L","og_description":"Dal\u00ed en 400 images propose un parcours complet de l&#8217;oeuvre d&#8217;un des peintres surr\u00e9alistes les plus significatifs du\u00a0 xxe\u00a0 si\u00e8cle. Ce livre propose une s\u00e9lection d&#8217;oeuvres qui met en lumi\u00e8re non seulement les cr\u00e9ations embl\u00e9matiques de Salvador Dal\u00ed, mais \u00e9galement des pi\u00e8ces moins connues, telles que des dessins et des objets surr\u00e9alistes.\u00a0 Couvrant l&#8217;ensemble de [&hellip;]","og_url":"https:\/\/librairie7l.com\/en\/produit\/dali-en-400-images-2\/","og_site_name":"Librairie 7L","article_modified_time":"2026-05-14T09:15:29+00:00","og_image":[{"width":600,"height":752,"url":"https:\/\/librairie7l.com\/wp-content\/uploads\/2025\/03\/9782754117869_1_75.jpg","type":"image\/jpeg"}],"twitter_card":"summary_large_image","twitter_misc":{"Est. reading time":"1 minute"},"schema":{"@context":"https:\/\/schema.org","@graph":[{"@type":"WebPage","@id":"https:\/\/librairie7l.com\/en\/produit\/dali-en-400-images-2\/","url":"https:\/\/librairie7l.com\/en\/produit\/dali-en-400-images-2\/","name":"Dali en 400 images - Librairie 7L","isPartOf":{"@id":"https:\/\/librairie7l.com\/en\/#website"},"datePublished":"2026-05-14T07:17:29+00:00","dateModified":"2026-05-14T09:15:29+00:00","breadcrumb":{"@id":"https:\/\/librairie7l.com\/en\/produit\/dali-en-400-images-2\/#breadcrumb"},"inLanguage":"en-US","potentialAction":[{"@type":"ReadAction","target":["https:\/\/librairie7l.com\/en\/produit\/dali-en-400-images-2\/"]}]},{"@type":"BreadcrumbList","@id":"https:\/\/librairie7l.com\/en\/produit\/dali-en-400-images-2\/#breadcrumb","itemListElement":[{"@type":"ListItem","position":1,"name":"Accueil","item":"https:\/\/librairie7l.com\/en\/"},{"@type":"ListItem","position":2,"name":"Shop","item":"https:\/\/librairie7l.com\/en\/shop\/"},{"@type":"ListItem","position":3,"name":"DALI EN 400 IMAGES"}]},{"@type":"WebSite","@id":"https:\/\/librairie7l.com\/en\/#website","url":"https:\/\/librairie7l.com\/en\/","name":"Librairie 7L","description":"Librairie fond\u00e9e en 1999 par Karl Lagerfeld \u00e0 Paris","publisher":{"@id":"https:\/\/librairie7l.com\/en\/#organization"},"potentialAction":[{"@type":"SearchAction","target":{"@type":"EntryPoint","urlTemplate":"https:\/\/librairie7l.com\/en\/?s={search_term_string}"},"query-input":"required name=search_term_string"}],"inLanguage":"en-US"},{"@type":"Organization","@id":"https:\/\/librairie7l.com\/en\/#organization","name":"Librairie 7L","url":"https:\/\/librairie7l.com\/en\/","logo":{"@type":"ImageObject","inLanguage":"en-US","@id":"https:\/\/librairie7l.com\/en\/#\/schema\/logo\/image\/","url":"https:\/\/librairie7l.com\/wp-content\/uploads\/2022\/08\/logo-1.png","contentUrl":"https:\/\/librairie7l.com\/wp-content\/uploads\/2022\/08\/logo-1.png","width":227,"height":301,"caption":"Librairie 7L"},"image":{"@id":"https:\/\/librairie7l.com\/en\/#\/schema\/logo\/image\/"}}]}},"_links":{"self":[{"href":"https:\/\/librairie7l.com\/en\/wp-json\/wp\/v2\/product\/57130"}],"collection":[{"href":"https:\/\/librairie7l.com\/en\/wp-json\/wp\/v2\/product"}],"about":[{"href":"https:\/\/librairie7l.com\/en\/wp-json\/wp\/v2\/types\/product"}],"wp:featuredmedia":[{"embeddable":true,"href":"https:\/\/librairie7l.com\/en\/wp-json\/wp\/v2\/media\/57128"}],"wp:attachment":[{"href":"https:\/\/librairie7l.com\/en\/wp-json\/wp\/v2\/media?parent=57130"}],"wp:term":[{"taxonomy":"product_cat","embeddable":true,"href":"https:\/\/librairie7l.com\/en\/wp-json\/wp\/v2\/product_cat?post=57130"},{"taxonomy":"product_tag","embeddable":true,"href":"https:\/\/librairie7l.com\/en\/wp-json\/wp\/v2\/product_tag?post=57130"}],"curies":[{"name":"wp","href":"https:\/\/api.w.org\/{rel}","templated":true}]}}