{"id":57134,"date":"2026-05-14T09:17:33","date_gmt":"2026-05-14T07:17:33","guid":{"rendered":"https:\/\/librairie7l.com\/?post_type=product&#038;p=57134"},"modified":"2026-05-14T09:17:34","modified_gmt":"2026-05-14T07:17:34","slug":"giovanni-segantini-je-veux-voir-mes-montagnes-2","status":"publish","type":"product","link":"https:\/\/librairie7l.com\/en\/produit\/giovanni-segantini-je-veux-voir-mes-montagnes-2\/","title":{"rendered":"GIOVANNI SEGANTINI : \u00ab JE VEUX VOIR MES MONTAGNES \u00bb"},"content":{"rendered":"<p>Giovanni Segantini (1858-1899) est grande figure du symbolisme et du divisionnisme europ\u00e9en. \u00c0 travers une s\u00e9lection de pi\u00e8ces magistrales &#8211; peintures, pastels et dessins &#8211; l&#8217;ouvrage retrace l&#8217;itin\u00e9raire fulgurant d&#8217;un artiste qui fit des paysages alpins le coeur d&#8217;une qu\u00eate \u00e0 la fois esth\u00e9tique et spirituelle.<br \/>\nDe la Lombardie italienne \u00e0 la vall\u00e9e suisse de l&#8217;Engadine, Segantini a su saisir la force de la nature et en r\u00e9v\u00e9ler la dimension symbolique, bien au-del\u00e0 du r\u00e9alisme.<br \/>\nIl r\u00eavait d&#8217;exposer \u00e0 Paris \u00e0 l&#8217;occasion de l&#8217;Exposition universelle de 1900, projet interrompu par sa mort pr\u00e9matur\u00e9e en 1899. Plus d&#8217;un si\u00e8cle plus tard, cette monographie rend enfin hommage \u00e0 son regard visionnaire et \u00e0 sa mani\u00e8re unique de mettre en dialogue l&#8217;homme et la nature, d&#8217;une \u00e9tonnante modernit\u00e9.<br \/>\nUn cahier de 16 pages offre un contrepoint contemporain. Il est consacr\u00e9 \u00e0 l&#8217;artiste Anselm Kiefer, dont la s\u00e9lection d&#8217;oeuvres, intitul\u00e9e Voglio vedere le mie montagne, entrent en r\u00e9sonance avec l&#8217;h\u00e9ritage de Giovanni Segantini.<\/p>\n","protected":false},"excerpt":{"rendered":"<p>Giovanni Segantini (1858-1899) est grande figure du symbolisme et du divisionnisme europ\u00e9en. \u00c0 travers une s\u00e9lection de pi\u00e8ces magistrales &#8211; peintures, pastels et dessins &#8211; l&#8217;ouvrage retrace l&#8217;itin\u00e9raire fulgurant d&#8217;un artiste qui fit des paysages alpins le coeur d&#8217;une qu\u00eate \u00e0 la fois esth\u00e9tique et spirituelle. De la Lombardie italienne \u00e0 la vall\u00e9e suisse de [&hellip;]<\/p>\n","protected":false},"featured_media":57132,"template":"","meta":[],"product_cat":[2948],"product_tag":[],"acf":[],"yoast_head":"<!-- This site is optimized with the Yoast SEO plugin v20.11 - https:\/\/yoast.com\/wordpress\/plugins\/seo\/ -->\n<title>Giovanni Segantini : \u00ab Je veux voir mes montagnes \u00bb - Librairie 7L<\/title>\n<meta name=\"robots\" content=\"index, follow, max-snippet:-1, max-image-preview:large, max-video-preview:-1\" \/>\n<link rel=\"canonical\" href=\"https:\/\/librairie7l.com\/en\/produit\/giovanni-segantini-je-veux-voir-mes-montagnes-2\/\" \/>\n<meta property=\"og:locale\" content=\"en_US\" \/>\n<meta property=\"og:type\" content=\"article\" \/>\n<meta property=\"og:title\" content=\"Giovanni Segantini : \u00ab Je veux voir mes montagnes \u00bb - Librairie 7L\" \/>\n<meta property=\"og:description\" content=\"Giovanni Segantini (1858-1899) est grande figure du symbolisme et du divisionnisme europ\u00e9en. \u00c0 travers une s\u00e9lection de pi\u00e8ces magistrales &#8211; peintures, pastels et dessins &#8211; l&#8217;ouvrage retrace l&#8217;itin\u00e9raire fulgurant d&#8217;un artiste qui fit des paysages alpins le coeur d&#8217;une qu\u00eate \u00e0 la fois esth\u00e9tique et spirituelle. De la Lombardie italienne \u00e0 la vall\u00e9e suisse de [&hellip;]\" \/>\n<meta property=\"og:url\" content=\"https:\/\/librairie7l.com\/en\/produit\/giovanni-segantini-je-veux-voir-mes-montagnes-2\/\" \/>\n<meta property=\"og:site_name\" content=\"Librairie 7L\" \/>\n<meta property=\"article:modified_time\" content=\"2026-05-14T07:17:34+00:00\" \/>\n<meta property=\"og:image\" content=\"https:\/\/librairie7l.com\/wp-content\/uploads\/2025\/11\/9782359064926_1_75.jpg\" \/>\n\t<meta property=\"og:image:width\" content=\"600\" \/>\n\t<meta property=\"og:image:height\" content=\"771\" \/>\n\t<meta property=\"og:image:type\" content=\"image\/jpeg\" \/>\n<meta name=\"twitter:card\" content=\"summary_large_image\" \/>\n<meta name=\"twitter:label1\" content=\"Est. reading time\" \/>\n\t<meta name=\"twitter:data1\" content=\"1 minute\" \/>\n<script type=\"application\/ld+json\" class=\"yoast-schema-graph\">{\"@context\":\"https:\/\/schema.org\",\"@graph\":[{\"@type\":\"WebPage\",\"@id\":\"https:\/\/librairie7l.com\/en\/produit\/giovanni-segantini-je-veux-voir-mes-montagnes-2\/\",\"url\":\"https:\/\/librairie7l.com\/en\/produit\/giovanni-segantini-je-veux-voir-mes-montagnes-2\/\",\"name\":\"Giovanni Segantini : \u00ab Je veux voir mes montagnes \u00bb - Librairie 7L\",\"isPartOf\":{\"@id\":\"https:\/\/librairie7l.com\/en\/#website\"},\"datePublished\":\"2026-05-14T07:17:33+00:00\",\"dateModified\":\"2026-05-14T07:17:34+00:00\",\"breadcrumb\":{\"@id\":\"https:\/\/librairie7l.com\/en\/produit\/giovanni-segantini-je-veux-voir-mes-montagnes-2\/#breadcrumb\"},\"inLanguage\":\"en-US\",\"potentialAction\":[{\"@type\":\"ReadAction\",\"target\":[\"https:\/\/librairie7l.com\/en\/produit\/giovanni-segantini-je-veux-voir-mes-montagnes-2\/\"]}]},{\"@type\":\"BreadcrumbList\",\"@id\":\"https:\/\/librairie7l.com\/en\/produit\/giovanni-segantini-je-veux-voir-mes-montagnes-2\/#breadcrumb\",\"itemListElement\":[{\"@type\":\"ListItem\",\"position\":1,\"name\":\"Accueil\",\"item\":\"https:\/\/librairie7l.com\/en\/\"},{\"@type\":\"ListItem\",\"position\":2,\"name\":\"Shop\",\"item\":\"https:\/\/librairie7l.com\/en\/shop\/\"},{\"@type\":\"ListItem\",\"position\":3,\"name\":\"GIOVANNI SEGANTINI : \u00ab JE VEUX VOIR MES MONTAGNES \u00bb\"}]},{\"@type\":\"WebSite\",\"@id\":\"https:\/\/librairie7l.com\/en\/#website\",\"url\":\"https:\/\/librairie7l.com\/en\/\",\"name\":\"Librairie 7L\",\"description\":\"Librairie fond\u00e9e en 1999 par Karl Lagerfeld \u00e0 Paris\",\"publisher\":{\"@id\":\"https:\/\/librairie7l.com\/en\/#organization\"},\"potentialAction\":[{\"@type\":\"SearchAction\",\"target\":{\"@type\":\"EntryPoint\",\"urlTemplate\":\"https:\/\/librairie7l.com\/en\/?s={search_term_string}\"},\"query-input\":\"required name=search_term_string\"}],\"inLanguage\":\"en-US\"},{\"@type\":\"Organization\",\"@id\":\"https:\/\/librairie7l.com\/en\/#organization\",\"name\":\"Librairie 7L\",\"url\":\"https:\/\/librairie7l.com\/en\/\",\"logo\":{\"@type\":\"ImageObject\",\"inLanguage\":\"en-US\",\"@id\":\"https:\/\/librairie7l.com\/en\/#\/schema\/logo\/image\/\",\"url\":\"https:\/\/librairie7l.com\/wp-content\/uploads\/2022\/08\/logo-1.png\",\"contentUrl\":\"https:\/\/librairie7l.com\/wp-content\/uploads\/2022\/08\/logo-1.png\",\"width\":227,\"height\":301,\"caption\":\"Librairie 7L\"},\"image\":{\"@id\":\"https:\/\/librairie7l.com\/en\/#\/schema\/logo\/image\/\"}}]}<\/script>\n<!-- \/ Yoast SEO plugin. -->","yoast_head_json":{"title":"Giovanni Segantini : \u00ab Je veux voir mes montagnes \u00bb - Librairie 7L","robots":{"index":"index","follow":"follow","max-snippet":"max-snippet:-1","max-image-preview":"max-image-preview:large","max-video-preview":"max-video-preview:-1"},"canonical":"https:\/\/librairie7l.com\/en\/produit\/giovanni-segantini-je-veux-voir-mes-montagnes-2\/","og_locale":"en_US","og_type":"article","og_title":"Giovanni Segantini : \u00ab Je veux voir mes montagnes \u00bb - Librairie 7L","og_description":"Giovanni Segantini (1858-1899) est grande figure du symbolisme et du divisionnisme europ\u00e9en. \u00c0 travers une s\u00e9lection de pi\u00e8ces magistrales &#8211; peintures, pastels et dessins &#8211; l&#8217;ouvrage retrace l&#8217;itin\u00e9raire fulgurant d&#8217;un artiste qui fit des paysages alpins le coeur d&#8217;une qu\u00eate \u00e0 la fois esth\u00e9tique et spirituelle. De la Lombardie italienne \u00e0 la vall\u00e9e suisse de [&hellip;]","og_url":"https:\/\/librairie7l.com\/en\/produit\/giovanni-segantini-je-veux-voir-mes-montagnes-2\/","og_site_name":"Librairie 7L","article_modified_time":"2026-05-14T07:17:34+00:00","og_image":[{"width":600,"height":771,"url":"https:\/\/librairie7l.com\/wp-content\/uploads\/2025\/11\/9782359064926_1_75.jpg","type":"image\/jpeg"}],"twitter_card":"summary_large_image","twitter_misc":{"Est. reading time":"1 minute"},"schema":{"@context":"https:\/\/schema.org","@graph":[{"@type":"WebPage","@id":"https:\/\/librairie7l.com\/en\/produit\/giovanni-segantini-je-veux-voir-mes-montagnes-2\/","url":"https:\/\/librairie7l.com\/en\/produit\/giovanni-segantini-je-veux-voir-mes-montagnes-2\/","name":"Giovanni Segantini : \u00ab Je veux voir mes montagnes \u00bb - Librairie 7L","isPartOf":{"@id":"https:\/\/librairie7l.com\/en\/#website"},"datePublished":"2026-05-14T07:17:33+00:00","dateModified":"2026-05-14T07:17:34+00:00","breadcrumb":{"@id":"https:\/\/librairie7l.com\/en\/produit\/giovanni-segantini-je-veux-voir-mes-montagnes-2\/#breadcrumb"},"inLanguage":"en-US","potentialAction":[{"@type":"ReadAction","target":["https:\/\/librairie7l.com\/en\/produit\/giovanni-segantini-je-veux-voir-mes-montagnes-2\/"]}]},{"@type":"BreadcrumbList","@id":"https:\/\/librairie7l.com\/en\/produit\/giovanni-segantini-je-veux-voir-mes-montagnes-2\/#breadcrumb","itemListElement":[{"@type":"ListItem","position":1,"name":"Accueil","item":"https:\/\/librairie7l.com\/en\/"},{"@type":"ListItem","position":2,"name":"Shop","item":"https:\/\/librairie7l.com\/en\/shop\/"},{"@type":"ListItem","position":3,"name":"GIOVANNI SEGANTINI : \u00ab JE VEUX VOIR MES MONTAGNES \u00bb"}]},{"@type":"WebSite","@id":"https:\/\/librairie7l.com\/en\/#website","url":"https:\/\/librairie7l.com\/en\/","name":"Librairie 7L","description":"Librairie fond\u00e9e en 1999 par Karl Lagerfeld \u00e0 Paris","publisher":{"@id":"https:\/\/librairie7l.com\/en\/#organization"},"potentialAction":[{"@type":"SearchAction","target":{"@type":"EntryPoint","urlTemplate":"https:\/\/librairie7l.com\/en\/?s={search_term_string}"},"query-input":"required name=search_term_string"}],"inLanguage":"en-US"},{"@type":"Organization","@id":"https:\/\/librairie7l.com\/en\/#organization","name":"Librairie 7L","url":"https:\/\/librairie7l.com\/en\/","logo":{"@type":"ImageObject","inLanguage":"en-US","@id":"https:\/\/librairie7l.com\/en\/#\/schema\/logo\/image\/","url":"https:\/\/librairie7l.com\/wp-content\/uploads\/2022\/08\/logo-1.png","contentUrl":"https:\/\/librairie7l.com\/wp-content\/uploads\/2022\/08\/logo-1.png","width":227,"height":301,"caption":"Librairie 7L"},"image":{"@id":"https:\/\/librairie7l.com\/en\/#\/schema\/logo\/image\/"}}]}},"_links":{"self":[{"href":"https:\/\/librairie7l.com\/en\/wp-json\/wp\/v2\/product\/57134"}],"collection":[{"href":"https:\/\/librairie7l.com\/en\/wp-json\/wp\/v2\/product"}],"about":[{"href":"https:\/\/librairie7l.com\/en\/wp-json\/wp\/v2\/types\/product"}],"wp:featuredmedia":[{"embeddable":true,"href":"https:\/\/librairie7l.com\/en\/wp-json\/wp\/v2\/media\/57132"}],"wp:attachment":[{"href":"https:\/\/librairie7l.com\/en\/wp-json\/wp\/v2\/media?parent=57134"}],"wp:term":[{"taxonomy":"product_cat","embeddable":true,"href":"https:\/\/librairie7l.com\/en\/wp-json\/wp\/v2\/product_cat?post=57134"},{"taxonomy":"product_tag","embeddable":true,"href":"https:\/\/librairie7l.com\/en\/wp-json\/wp\/v2\/product_tag?post=57134"}],"curies":[{"name":"wp","href":"https:\/\/api.w.org\/{rel}","templated":true}]}}